{"id":1508,"date":"2023-11-12T18:07:07","date_gmt":"2023-11-12T22:07:07","guid":{"rendered":"https:\/\/esud2023.ufms.br\/?page_id=1508"},"modified":"2024-03-26T10:52:32","modified_gmt":"2024-03-26T14:52:32","slug":"anais","status":"publish","type":"page","link":"https:\/\/esud2023.ufms.br\/?page_id=1508","title":{"rendered":"Anais"},"content":{"rendered":"\t\t<div data-elementor-type=\"wp-page\" data-elementor-id=\"1508\" class=\"elementor elementor-1508\">\n\t\t\t\t\t\t\t<div class=\"elementor-element elementor-element-a16c80c e-con-boxed e-flex e-con\" data-id=\"a16c80c\" data-element_type=\"container\" data-settings=\"{&quot;content_width&quot;:&quot;boxed&quot;}\">\n\t\t\t\t\t<div class=\"e-con-inner\">\n\t\t\t\t<div class=\"elementor-element elementor-element-09e5085 elementor-widget elementor-widget-text-editor\" data-id=\"09e5085\" data-element_type=\"widget\" data-widget_type=\"text-editor.default\">\n\t\t\t\t<div class=\"elementor-widget-container\">\n\t\t\t<style>\/*! elementor - v3.11.5 - 14-03-2023 *\/\n.elementor-widget-text-editor.elementor-drop-cap-view-stacked .elementor-drop-cap{background-color:#69727d;color:#fff}.elementor-widget-text-editor.elementor-drop-cap-view-framed .elementor-drop-cap{color:#69727d;border:3px solid;background-color:transparent}.elementor-widget-text-editor:not(.elementor-drop-cap-view-default) .elementor-drop-cap{margin-top:8px}.elementor-widget-text-editor:not(.elementor-drop-cap-view-default) .elementor-drop-cap-letter{width:1em;height:1em}.elementor-widget-text-editor .elementor-drop-cap{float:left;text-align:center;line-height:1;font-size:50px}.elementor-widget-text-editor .elementor-drop-cap-letter{display:inline-block}<\/style>\t\t\t\t<p>Os anais eletr\u00f4nicos do ESUD|CIESUD 2023 est\u00e3o dispon\u00edveis.<\/p><p><a style=\"text-align: var(--text-align); background-color: #ffffff; font-size: 14px;\" href=\"https:\/\/submissao-esud.ufms.br\/home\/issue\/view\/1\" target=\"_blank\" rel=\"noopener\">Clique aqui para acessar.<\/a><\/p><p><span style=\"text-align: var(--text-align);\">Qualquer inconsist\u00eancia com a sua publica\u00e7\u00e3o pode ser reportada para esud2023.agead@ufms.br\u00a0<\/span><\/p>\t\t\t\t\t\t<\/div>\n\t\t\t\t<\/div>\n\t\t\t\t\t<\/div>\n\t\t\t\t<\/div>\n\t\t\t\t\t\t\t<\/div>\n\t\t","protected":false},"excerpt":{"rendered":"<p>Os anais eletr\u00f4nicos do ESUD|CIESUD 2023 est\u00e3o dispon\u00edveis. Clique aqui para acessar. Qualquer inconsist\u00eancia com a sua publica\u00e7\u00e3o pode ser reportada para esud2023.agead@ufms.br\u00a0<\/p>\n","protected":false},"author":2,"featured_media":0,"parent":0,"menu_order":0,"comment_status":"closed","ping_status":"closed","template":"","meta":{"_eb_attr":"","footnotes":""},"class_list":["post-1508","page","type-page","status-publish","hentry"],"_links":{"self":[{"href":"https:\/\/esud2023.ufms.br\/index.php?rest_route=\/wp\/v2\/pages\/1508","targetHints":{"allow":["GET"]}}],"collection":[{"href":"https:\/\/esud2023.ufms.br\/index.php?rest_route=\/wp\/v2\/pages"}],"about":[{"href":"https:\/\/esud2023.ufms.br\/index.php?rest_route=\/wp\/v2\/types\/page"}],"author":[{"embeddable":true,"href":"https:\/\/esud2023.ufms.br\/index.php?rest_route=\/wp\/v2\/users\/2"}],"replies":[{"embeddable":true,"href":"https:\/\/esud2023.ufms.br\/index.php?rest_route=%2Fwp%2Fv2%2Fcomments&post=1508"}],"version-history":[{"count":5,"href":"https:\/\/esud2023.ufms.br\/index.php?rest_route=\/wp\/v2\/pages\/1508\/revisions"}],"predecessor-version":[{"id":1564,"href":"https:\/\/esud2023.ufms.br\/index.php?rest_route=\/wp\/v2\/pages\/1508\/revisions\/1564"}],"wp:attachment":[{"href":"https:\/\/esud2023.ufms.br\/index.php?rest_route=%2Fwp%2Fv2%2Fmedia&parent=1508"}],"curies":[{"name":"wp","href":"https:\/\/api.w.org\/{rel}","templated":true}]}}