{"id":1524,"date":"2023-11-12T18:25:20","date_gmt":"2023-11-12T22:25:20","guid":{"rendered":"https:\/\/esud2023.ufms.br\/?page_id=1524"},"modified":"2023-12-11T08:45:54","modified_gmt":"2023-12-11T12:45:54","slug":"certificados","status":"publish","type":"page","link":"https:\/\/esud2023.ufms.br\/?page_id=1524","title":{"rendered":"Certificados"},"content":{"rendered":"\t\t<div data-elementor-type=\"wp-page\" data-elementor-id=\"1524\" class=\"elementor elementor-1524\">\n\t\t\t\t\t\t\t<div class=\"elementor-element elementor-element-276f521 e-con-boxed e-flex e-con\" data-id=\"276f521\" data-element_type=\"container\" data-settings=\"{&quot;content_width&quot;:&quot;boxed&quot;}\">\n\t\t\t\t\t<div class=\"e-con-inner\">\n\t\t\t\t<div class=\"elementor-element elementor-element-64a3257 elementor-widget elementor-widget-heading\" data-id=\"64a3257\" data-element_type=\"widget\" data-widget_type=\"heading.default\">\n\t\t\t\t<div class=\"elementor-widget-container\">\n\t\t\t<style>\/*! elementor - v3.11.5 - 14-03-2023 *\/\n.elementor-heading-title{padding:0;margin:0;line-height:1}.elementor-widget-heading .elementor-heading-title[class*=elementor-size-]>a{color:inherit;font-size:inherit;line-height:inherit}.elementor-widget-heading .elementor-heading-title.elementor-size-small{font-size:15px}.elementor-widget-heading .elementor-heading-title.elementor-size-medium{font-size:19px}.elementor-widget-heading .elementor-heading-title.elementor-size-large{font-size:29px}.elementor-widget-heading .elementor-heading-title.elementor-size-xl{font-size:39px}.elementor-widget-heading .elementor-heading-title.elementor-size-xxl{font-size:59px}<\/style><h2 class=\"elementor-heading-title elementor-size-default\">Como emitir seu certificado digital<\/h2>\t\t<\/div>\n\t\t\t\t<\/div>\n\t\t\t\t<div class=\"elementor-element elementor-element-e2a868d elementor-widget elementor-widget-text-editor\" data-id=\"e2a868d\" data-element_type=\"widget\" data-widget_type=\"text-editor.default\">\n\t\t\t\t<div class=\"elementor-widget-container\">\n\t\t\t<style>\/*! elementor - v3.11.5 - 14-03-2023 *\/\n.elementor-widget-text-editor.elementor-drop-cap-view-stacked .elementor-drop-cap{background-color:#69727d;color:#fff}.elementor-widget-text-editor.elementor-drop-cap-view-framed .elementor-drop-cap{color:#69727d;border:3px solid;background-color:transparent}.elementor-widget-text-editor:not(.elementor-drop-cap-view-default) .elementor-drop-cap{margin-top:8px}.elementor-widget-text-editor:not(.elementor-drop-cap-view-default) .elementor-drop-cap-letter{width:1em;height:1em}.elementor-widget-text-editor .elementor-drop-cap{float:left;text-align:center;line-height:1;font-size:50px}.elementor-widget-text-editor .elementor-drop-cap-letter{display:inline-block}<\/style>\t\t\t\t<p>Os certificados ser\u00e3o emitidos pelo sistema de certificados da UFMS.\u00a0<\/p><p>Siga passos para fazer download do seu certificado:<\/p><ol><li>Acesse <a href=\"https:\/\/login.ufms.br\/auth\/realms\/ufms\/protocol\/openid-connect\/auth?state=185e569c81424242cae9682437e859ef&amp;scope=openid+profile&amp;response_type=code&amp;approval_prompt=auto&amp;redirect_uri=https%3A%2F%2Fcertificados.ufms.br%2F&amp;client_id=sicert\" target=\"_blank\" rel=\"noopener\">certificados.ufms.br<\/a><\/li><li>Se voc\u00ea possui passaporte da UFMS, utilize a op\u00e7\u00e3o de login com Passaporte<\/li><li>Se voc\u00ea \u00e9 participante externo, utilize a op\u00e7\u00e3o de login com <strong>Sou.Gov<\/strong><\/li><li>Acesse sua \u00e1rea e baixe o certificado em PDF<\/li><li>Voc\u00ea pode acessar a baixar novamente, sempre que necess\u00e1rio<\/li><\/ol><div>\u00a0<\/div><div><span style=\"color: #0000ff;\">Observa\u00e7\u00e3o: Para relatar problemas na emiss\u00e3o, envie seu nome e CPF para esud2023.agead@ufms.br<\/span><\/div>\t\t\t\t\t\t<\/div>\n\t\t\t\t<\/div>\n\t\t\t\t\t<\/div>\n\t\t\t\t<\/div>\n\t\t<div class=\"elementor-element elementor-element-e1ba38c e-con-boxed e-flex e-con\" data-id=\"e1ba38c\" data-element_type=\"container\" data-settings=\"{&quot;content_width&quot;:&quot;boxed&quot;}\">\n\t\t\t\t\t<div class=\"e-con-inner\">\n\t\t\t\t<div class=\"elementor-element elementor-element-f51e8b2 elementor-widget elementor-widget-heading\" data-id=\"f51e8b2\" data-element_type=\"widget\" data-widget_type=\"heading.default\">\n\t\t\t\t<div class=\"elementor-widget-container\">\n\t\t\t<h2 class=\"elementor-heading-title elementor-size-default\">Prazos para emiss\u00e3o<\/h2>\t\t<\/div>\n\t\t\t\t<\/div>\n\t\t\t\t\t<\/div>\n\t\t\t\t<\/div>\n\t\t<div class=\"elementor-element elementor-element-7838e60 e-con-boxed e-flex e-con\" data-id=\"7838e60\" data-element_type=\"container\" data-settings=\"{&quot;content_width&quot;:&quot;boxed&quot;}\">\n\t\t\t\t\t<div class=\"e-con-inner\">\n\t\t\t\t<div class=\"elementor-element elementor-element-4c653b7 elementor-widget elementor-widget-text-editor\" data-id=\"4c653b7\" data-element_type=\"widget\" data-widget_type=\"text-editor.default\">\n\t\t\t\t<div class=\"elementor-widget-container\">\n\t\t\t\t\t\t\t<p><strong>Certificado\u00a0de participa\u00e7\u00e3o geral<\/strong><\/p><p><span style=\"color: #ff00ff;\">\u00a0 \u00a0 Lote 1, 2 e 3 \u2013\u00a0<strong>Emitidos<\/strong><\/span><\/p><p><strong>Certificado de apresenta\u00e7\u00e3o de trabalho<\/strong><\/p><p><span style=\"color: #ff00ff;\">\u00a0 \u00a0 Lote 1 \u2013\u00a0<strong>Emitido<\/strong><\/span><\/p><p><strong><span style=\"color: #64686d;\">\u00a0 \u00a0 Lote 2 \u2013\u00a0<\/span><\/strong>\u00a0<b><span style=\"color: #0000ff;\">Em processo de cadastro\u00a0<\/span><\/b>(at\u00e9 24 de dezembro)<\/p><p><strong>Certificado de participa\u00e7\u00e3o nas oficinas<\/strong><\/p><p><span style=\"color: #ff00ff;\">\u00a0 \u00a0 Lote 1 \u2013\u00a0<strong>Emitido<\/strong><\/span><\/p><p><strong>Certificado de participa\u00e7\u00e3o nos minicursos<\/strong><\/p><p>\u00a0 \u00a0 Lote 1\u00a0 \u2013\u00a0\u00a0<span style=\"color: #0000ff;\"><b>Em processo de cadastro<\/b>\u00a0<\/span>(at\u00e9 24 de dezembro)<\/p><p><strong>Certificado de palestrantes, ministrantes de oficinas e minicursos<\/strong><\/p><p><span style=\"color: #ff00ff;\">\u00a0 \u00a0 Lote 1 \u2013\u00a0<strong>Emitido<\/strong><\/span><\/p><p><strong>Certificado de Equipes de Trabalho<\/strong><\/p><p><span style=\"color: #ff00ff;\">\u00a0 \u00a0 Lote 1 \u2013\u00a0<strong>Emitido<\/strong><\/span><\/p>\t\t\t\t\t\t<\/div>\n\t\t\t\t<\/div>\n\t\t\t\t\t<\/div>\n\t\t\t\t<\/div>\n\t\t\t\t\t\t\t<\/div>\n\t\t","protected":false},"excerpt":{"rendered":"<p>Como emitir seu certificado digital Os certificados ser\u00e3o emitidos pelo sistema de certificados da UFMS.\u00a0 Siga passos para fazer download do seu certificado: Acesse certificados.ufms.br Se voc\u00ea possui passaporte da UFMS, utilize a op\u00e7\u00e3o de login com Passaporte Se voc\u00ea \u00e9 participante externo, utilize a op\u00e7\u00e3o de login com Sou.Gov Acesse sua \u00e1rea e baixe o certificado em PDF Voc\u00ea&#8230;<\/p>\n","protected":false},"author":2,"featured_media":0,"parent":0,"menu_order":0,"comment_status":"closed","ping_status":"closed","template":"","meta":{"_eb_attr":"","footnotes":""},"class_list":["post-1524","page","type-page","status-publish","hentry"],"_links":{"self":[{"href":"https:\/\/esud2023.ufms.br\/index.php?rest_route=\/wp\/v2\/pages\/1524","targetHints":{"allow":["GET"]}}],"collection":[{"href":"https:\/\/esud2023.ufms.br\/index.php?rest_route=\/wp\/v2\/pages"}],"about":[{"href":"https:\/\/esud2023.ufms.br\/index.php?rest_route=\/wp\/v2\/types\/page"}],"author":[{"embeddable":true,"href":"https:\/\/esud2023.ufms.br\/index.php?rest_route=\/wp\/v2\/users\/2"}],"replies":[{"embeddable":true,"href":"https:\/\/esud2023.ufms.br\/index.php?rest_route=%2Fwp%2Fv2%2Fcomments&post=1524"}],"version-history":[{"count":5,"href":"https:\/\/esud2023.ufms.br\/index.php?rest_route=\/wp\/v2\/pages\/1524\/revisions"}],"predecessor-version":[{"id":1548,"href":"https:\/\/esud2023.ufms.br\/index.php?rest_route=\/wp\/v2\/pages\/1524\/revisions\/1548"}],"wp:attachment":[{"href":"https:\/\/esud2023.ufms.br\/index.php?rest_route=%2Fwp%2Fv2%2Fmedia&parent=1524"}],"curies":[{"name":"wp","href":"https:\/\/api.w.org\/{rel}","templated":true}]}}