{"id":588,"date":"2021-05-23T07:43:05","date_gmt":"2021-05-23T07:43:05","guid":{"rendered":"https:\/\/bizbergthemes.com\/business-event-conference\/?page_id=588"},"modified":"2023-07-04T13:42:05","modified_gmt":"2023-07-04T17:42:05","slug":"about-us","status":"publish","type":"page","link":"https:\/\/esud2023.ufms.br\/?page_id=588","title":{"rendered":"Sobre o Evento"},"content":{"rendered":"\t\t<div data-elementor-type=\"wp-page\" data-elementor-id=\"588\" class=\"elementor elementor-588\">\n\t\t\t\t\t\t\t<div class=\"elementor-element elementor-element-50444bf e-con-boxed e-flex e-con\" data-id=\"50444bf\" data-element_type=\"container\" data-settings=\"{&quot;content_width&quot;:&quot;boxed&quot;}\">\n\t\t\t\t\t<div class=\"e-con-inner\">\n\t\t\t\t<div class=\"elementor-element elementor-element-a6671ae elementor-widget elementor-widget-heading\" data-id=\"a6671ae\" data-element_type=\"widget\" data-widget_type=\"heading.default\">\n\t\t\t\t<div class=\"elementor-widget-container\">\n\t\t\t<style>\/*! elementor - v3.11.5 - 14-03-2023 *\/\n.elementor-heading-title{padding:0;margin:0;line-height:1}.elementor-widget-heading .elementor-heading-title[class*=elementor-size-]>a{color:inherit;font-size:inherit;line-height:inherit}.elementor-widget-heading .elementor-heading-title.elementor-size-small{font-size:15px}.elementor-widget-heading .elementor-heading-title.elementor-size-medium{font-size:19px}.elementor-widget-heading .elementor-heading-title.elementor-size-large{font-size:29px}.elementor-widget-heading .elementor-heading-title.elementor-size-xl{font-size:39px}.elementor-widget-heading .elementor-heading-title.elementor-size-xxl{font-size:59px}<\/style><h2 class=\"elementor-heading-title elementor-size-default\">Sobre a Edi\u00e7\u00e3o de 2023<\/h2>\t\t<\/div>\n\t\t\t\t<\/div>\n\t\t\t\t\t<\/div>\n\t\t\t\t<\/div>\n\t\t\t\t<section class=\"elementor-section elementor-top-section elementor-element elementor-element-5ad3b9cd elementor-section-boxed elementor-section-height-default elementor-section-height-default\" data-id=\"5ad3b9cd\" data-element_type=\"section\">\n\t\t\t\t\t\t<div class=\"elementor-container elementor-column-gap-default\">\n\t\t\t\t\t<div class=\"elementor-column elementor-col-100 elementor-top-column elementor-element elementor-element-33be8df9\" data-id=\"33be8df9\" data-element_type=\"column\">\n\t\t\t<div class=\"elementor-widget-wrap elementor-element-populated\">\n\t\t\t\t\t\t\t\t<div class=\"elementor-element elementor-element-2a2980cc elementor-widget elementor-widget-text-editor\" data-id=\"2a2980cc\" data-element_type=\"widget\" data-widget_type=\"text-editor.default\">\n\t\t\t\t<div class=\"elementor-widget-container\">\n\t\t\t<style>\/*! elementor - v3.11.5 - 14-03-2023 *\/\n.elementor-widget-text-editor.elementor-drop-cap-view-stacked .elementor-drop-cap{background-color:#69727d;color:#fff}.elementor-widget-text-editor.elementor-drop-cap-view-framed .elementor-drop-cap{color:#69727d;border:3px solid;background-color:transparent}.elementor-widget-text-editor:not(.elementor-drop-cap-view-default) .elementor-drop-cap{margin-top:8px}.elementor-widget-text-editor:not(.elementor-drop-cap-view-default) .elementor-drop-cap-letter{width:1em;height:1em}.elementor-widget-text-editor .elementor-drop-cap{float:left;text-align:center;line-height:1;font-size:50px}.elementor-widget-text-editor .elementor-drop-cap-letter{display:inline-block}<\/style>\t\t\t\t<p><!-- wp:paragraph --><\/p>\n<p><span style=\"font-weight: 400;\">Como institui\u00e7\u00e3o <\/span><i><span style=\"font-weight: 400;\">l\u00f3cus <\/span><\/i><span style=\"font-weight: 400;\">da edi\u00e7\u00e3o do ESUD|CIESUD (2023), a Ag\u00eancia de Educa\u00e7\u00e3o Digital e a Dist\u00e2ncia (Agead) possui duas secretarias: Secretaria de Tecnologias e Materiais Digitais (Setec) e Secretaria de Inova\u00e7\u00e3o Pedag\u00f3gica Digital (Seped). A Agead\/UFMS, alinhada ao projeto de gest\u00e3o institucional, tem trabalhado na perspectiva de transforma\u00e7\u00e3o digital e cultural em todas as frentes de atua\u00e7\u00e3o da universidade, mobilizando conhecimentos e habilidades do mundo digital para a forma\u00e7\u00e3o de profissionais em todas as \u00e1reas.<\/span><\/p>\n<p><span style=\"font-weight: 400;\">A educa\u00e7\u00e3o a dist\u00e2ncia na UFMS est\u00e1 completando 23 anos de exist\u00eancia, sendo 15 anos de parceria com a UAB, cumprindo com o prop\u00f3sito da pol\u00edtica de interioriza\u00e7\u00e3o do Ensino Superior P\u00fablico, com prioridade na oferta de cursos de forma\u00e7\u00e3o inicial e continuada de professores para a Educa\u00e7\u00e3o B\u00e1sica. Ao longo dessa hist\u00f3ria, a chance \u00fanica de estudar numa institui\u00e7\u00e3o federal p\u00fablica de ensino superior mobilizou e ainda mobiliza muitas pessoas n\u00e3o s\u00f3 nos munic\u00edpios dos polos, mas tamb\u00e9m no entorno desses munic\u00edpios. A UFMS, que j\u00e1 era uma universidade multicampi, chegou aos lugares mais long\u00ednquos dos Estado de MS, levando muito mais do que uma forma\u00e7\u00e3o acad\u00eamica, mas tamb\u00e9m esperan\u00e7a, realiza\u00e7\u00f5es e mudan\u00e7a de vida, criando uma rede de colabora\u00e7\u00e3o virtual e estreitando os relacionamentos e as conex\u00f5es locais.<\/span><\/p>\n<p><span style=\"font-weight: 400;\">Nesse sentido, e com base na experi\u00eancia constru\u00edda a partir da implementa\u00e7\u00e3o do <\/span><b>Programa UFMS Digital<\/b><span style=\"font-weight: 400;\">, cujas a\u00e7\u00f5es focalizaram a elabora\u00e7\u00e3o de um desenho pedag\u00f3gico e metodol\u00f3gico inovador, na implementa\u00e7\u00e3o de tecnologias digitais e na estrat\u00e9gia de expans\u00e3o das ofertas, a Agead\/UFMS\u00a0 se prop\u00f5e a fomentar um novo debate, ainda n\u00e3o aprofundado nas edi\u00e7\u00f5es anteriores do evento, para trazer \u00e0 tona a emerg\u00eancia e necessidade de maior protagonismo das institui\u00e7\u00f5es p\u00fablicas de ensino superior nas ofertas de EaD no Brasil.<\/span><\/p>\n<p><span style=\"font-weight: 400;\">Esse debate passa pelos conceitos de gest\u00e3o, governan\u00e7a e qualidade, e que n\u00e3o se restringem apenas aos setores que fazem a gest\u00e3o das ofertas de EaD, mas implicam numa mobiliza\u00e7\u00e3o da institui\u00e7\u00e3o como um todo para o conhecimento e implementa\u00e7\u00e3o de pr\u00e1ticas de governan\u00e7a, que possam contribuir para melhorias as a\u00e7\u00f5es e atividades de gest\u00e3o da educa\u00e7\u00e3o a dist\u00e2ncia. <\/span><\/p>\n<p><span style=\"font-weight: 400;\">No contexto da Educa\u00e7\u00e3o a Dist\u00e2ncia, a governan\u00e7a refere-se ao conjunto estrat\u00e9gico de pr\u00e1ticas de gest\u00e3o, pol\u00edticas e processos utilizados para gerenciar projetos, recursos, pessoas, espa\u00e7os f\u00edsicos e virtuais, tecnologias e metodologias que envolvem as ofertas de EaD.\u00a0<\/span><\/p>\n<p><span style=\"font-weight: 400;\">A governan\u00e7a implica na defini\u00e7\u00e3o de objetivos e metas,\u00a0 que orientam a tomada de decis\u00f5es, a gest\u00e3o de processos, a execu\u00e7\u00e3o das a\u00e7\u00f5es e o monitoramento do desempenho de todos os atores envolvidos, al\u00e9m da presta\u00e7\u00e3o de contas \u00e0 sociedade do investimento p\u00fablico que \u00e9 realizado para o desenvolvimento das propostas de forma\u00e7\u00e3o.\u00a0<\/span><\/p>\n<p><span style=\"font-weight: 400;\">Gest\u00e3o e governan\u00e7a em EaD s\u00e3o fundamentais para garantir a qualidade dos cursos e a efici\u00eancia na execu\u00e7\u00e3o dos recursos p\u00fablicos. Al\u00e9m disso, o conhecimento dessas estrat\u00e9gias pode proporcionar maior transpar\u00eancia, equidade e responsabilidade na rela\u00e7\u00e3o entre a institui\u00e7\u00e3o e seus estudantes, professores, tutores e demais envolvidos no processo, contribuindo para o alinhamento dos objetivos institucionais com as necessidades de forma\u00e7\u00e3o dos estudantes.\u00a0<\/span><\/p>\n<p><span style=\"font-weight: 400;\">Por meio da gest\u00e3o e governan\u00e7a, \u00e9 poss\u00edvel viabilizar uma constru\u00e7\u00e3o institucional de processos que assegurem a qualidade dos cursos, incluindo a defini\u00e7\u00e3o de padr\u00f5es e referenciais de qualidade, a implementa\u00e7\u00e3o de estrat\u00e9gias de avalia\u00e7\u00e3o constante dos processos pedag\u00f3gicos, tecnol\u00f3gicos e de gest\u00e3o, bem como avalia\u00e7\u00e3o dos resultados de aprendizagem dos estudantes, com vistas \u00e0 preven\u00e7\u00e3o da evas\u00e3o.<\/span><\/p>\n<p><span style=\"font-weight: 400;\">Nessa perspectiva, o ESUD | CIESUD 2023 tem como <strong>objetivo geral<\/strong>:<\/span><\/p>\n<ul>\n<li>Promover espa\u00e7os de di\u00e1logo, coopera\u00e7\u00e3o, divulga\u00e7\u00e3o cient\u00edfica e trocas de experi\u00eancias sobre educa\u00e7\u00e3o a dist\u00e2ncia no Brasil, tendo como foco pol\u00edticas p\u00fablicas, gest\u00e3o, governan\u00e7a e qualidade.<\/li>\n<\/ul>\n<div>\u00a0<\/div>\n<p>E como <strong>objetivos espec\u00edficos<\/strong>:<\/p>\n<ul>\n<li style=\"font-weight: 400;\" aria-level=\"1\"><span style=\"font-weight: 400;\">Proporcionar discuss\u00f5es e troca de experi\u00eancias entre institui\u00e7\u00f5es, gestores, pesquisadores e professores sobre pol\u00edticas p\u00fablicas, gest\u00e3o, governan\u00e7a e qualidade da educa\u00e7\u00e3o a dist\u00e2ncia no Brasil;<\/span><\/li>\n<li style=\"font-weight: 400;\" aria-level=\"1\"><span style=\"font-weight: 400;\">Criar espa\u00e7os para divulga\u00e7\u00e3o cient\u00edfica por meio da apresenta\u00e7\u00e3o de trabalhos acad\u00eamicos relacionados ao tema geral do evento e \u00e0 educa\u00e7\u00e3o a dist\u00e2ncia e tecnologias digitais de uma forma geral;<\/span><\/li>\n<li style=\"font-weight: 400;\" aria-level=\"1\"><span style=\"font-weight: 400;\">Contribuir para o fortalecimento e expans\u00e3o das ofertas de educa\u00e7\u00e3o a dist\u00e2ncia nas institui\u00e7\u00f5es p\u00fablicas de ensino superior do Brasil.<\/span><\/li>\n<\/ul>\n<p>\u00a0<\/p>\n<p>Vamos juntos rumo \u00e0 constru\u00e7\u00e3o de uma Educa\u00e7\u00e3o a Dist\u00e2ncia P\u00fablica de qualidade, que possa expandir cada vez mais as fronteiras f\u00edsicas e superar as barreiras de acesso ao conhecimento.\u00a0<\/p>\n<p><span style=\"font-weight: 400;\">O ESUD | CIESUD 2023 \u00e9 uma realiza\u00e7\u00e3o da <a href=\"https:\/\/www.aunirede.org.br\/portal\/\" target=\"_blank\" rel=\"noopener\">Associa\u00e7\u00e3o Universidade em Rede (Unirede)<\/a> em parceria com a <a href=\"https:\/\/www.ufms.br\/\" target=\"_blank\" rel=\"noopener\">Universidade Federal de Mato Grosso do Sul (UFMS)<\/a>, por meio da <a href=\"https:\/\/agead.ufms.br\/\" target=\"_blank\" rel=\"noopener\">Ag\u00eancia de Educa\u00e7\u00e3o Digital e a Dist\u00e2ncia (Agead).<\/a><\/span><\/p>\n<p><!-- \/wp:paragraph --><\/p>\t\t\t\t\t\t<\/div>\n\t\t\t\t<\/div>\n\t\t\t\t\t<\/div>\n\t\t<\/div>\n\t\t\t\t\t\t\t<\/div>\n\t\t<\/section>\n\t\t\t\t\t\t\t<\/div>\n\t\t","protected":false},"excerpt":{"rendered":"<p>Sobre a Edi\u00e7\u00e3o de 2023 Como institui\u00e7\u00e3o l\u00f3cus da edi\u00e7\u00e3o do ESUD|CIESUD (2023), a Ag\u00eancia de Educa\u00e7\u00e3o Digital e a Dist\u00e2ncia (Agead) possui duas secretarias: Secretaria de Tecnologias e Materiais Digitais (Setec) e Secretaria de Inova\u00e7\u00e3o Pedag\u00f3gica Digital (Seped). A Agead\/UFMS, alinhada ao projeto de gest\u00e3o institucional, tem trabalhado na perspectiva de transforma\u00e7\u00e3o digital e cultural em todas as frentes&#8230;<\/p>\n","protected":false},"author":2,"featured_media":674,"parent":0,"menu_order":0,"comment_status":"closed","ping_status":"closed","template":"","meta":{"_eb_attr":"","footnotes":""},"class_list":["post-588","page","type-page","status-publish","has-post-thumbnail","hentry"],"_links":{"self":[{"href":"https:\/\/esud2023.ufms.br\/index.php?rest_route=\/wp\/v2\/pages\/588","targetHints":{"allow":["GET"]}}],"collection":[{"href":"https:\/\/esud2023.ufms.br\/index.php?rest_route=\/wp\/v2\/pages"}],"about":[{"href":"https:\/\/esud2023.ufms.br\/index.php?rest_route=\/wp\/v2\/types\/page"}],"author":[{"embeddable":true,"href":"https:\/\/esud2023.ufms.br\/index.php?rest_route=\/wp\/v2\/users\/2"}],"replies":[{"embeddable":true,"href":"https:\/\/esud2023.ufms.br\/index.php?rest_route=%2Fwp%2Fv2%2Fcomments&post=588"}],"version-history":[{"count":5,"href":"https:\/\/esud2023.ufms.br\/index.php?rest_route=\/wp\/v2\/pages\/588\/revisions"}],"predecessor-version":[{"id":837,"href":"https:\/\/esud2023.ufms.br\/index.php?rest_route=\/wp\/v2\/pages\/588\/revisions\/837"}],"wp:featuredmedia":[{"embeddable":true,"href":"https:\/\/esud2023.ufms.br\/index.php?rest_route=\/wp\/v2\/media\/674"}],"wp:attachment":[{"href":"https:\/\/esud2023.ufms.br\/index.php?rest_route=%2Fwp%2Fv2%2Fmedia&parent=588"}],"curies":[{"name":"wp","href":"https:\/\/api.w.org\/{rel}","templated":true}]}}