{"id":830,"date":"2023-07-04T13:38:28","date_gmt":"2023-07-04T17:38:28","guid":{"rendered":"https:\/\/esud2023.ufms.br\/?page_id=830"},"modified":"2023-07-04T13:40:11","modified_gmt":"2023-07-04T17:40:11","slug":"historico-do-evento","status":"publish","type":"page","link":"https:\/\/esud2023.ufms.br\/?page_id=830","title":{"rendered":"Hist\u00f3rico do Evento"},"content":{"rendered":"\t\t<div data-elementor-type=\"wp-page\" data-elementor-id=\"830\" class=\"elementor elementor-830\">\n\t\t\t\t\t\t\t<div class=\"elementor-element elementor-element-11633ce e-con-boxed e-flex e-con\" data-id=\"11633ce\" data-element_type=\"container\" data-settings=\"{&quot;content_width&quot;:&quot;boxed&quot;}\">\n\t\t\t\t\t<div class=\"e-con-inner\">\n\t\t\t\t<div class=\"elementor-element elementor-element-e16b7e4 elementor-widget elementor-widget-heading\" data-id=\"e16b7e4\" data-element_type=\"widget\" data-widget_type=\"heading.default\">\n\t\t\t\t<div class=\"elementor-widget-container\">\n\t\t\t<style>\/*! elementor - v3.11.5 - 14-03-2023 *\/\n.elementor-heading-title{padding:0;margin:0;line-height:1}.elementor-widget-heading .elementor-heading-title[class*=elementor-size-]>a{color:inherit;font-size:inherit;line-height:inherit}.elementor-widget-heading .elementor-heading-title.elementor-size-small{font-size:15px}.elementor-widget-heading .elementor-heading-title.elementor-size-medium{font-size:19px}.elementor-widget-heading .elementor-heading-title.elementor-size-large{font-size:29px}.elementor-widget-heading .elementor-heading-title.elementor-size-xl{font-size:39px}.elementor-widget-heading .elementor-heading-title.elementor-size-xxl{font-size:59px}<\/style><h2 class=\"elementor-heading-title elementor-size-default\">Hist\u00f3rico do Evento<\/h2>\t\t<\/div>\n\t\t\t\t<\/div>\n\t\t\t\t\t<\/div>\n\t\t\t\t<\/div>\n\t\t<div class=\"elementor-element elementor-element-464fa8e e-con-boxed e-flex e-con\" data-id=\"464fa8e\" data-element_type=\"container\" data-settings=\"{&quot;content_width&quot;:&quot;boxed&quot;}\">\n\t\t\t\t\t<div class=\"e-con-inner\">\n\t\t\t\t<div class=\"elementor-element elementor-element-39fe4ce elementor-widget elementor-widget-text-editor\" data-id=\"39fe4ce\" data-element_type=\"widget\" data-widget_type=\"text-editor.default\">\n\t\t\t\t<div class=\"elementor-widget-container\">\n\t\t\t<style>\/*! elementor - v3.11.5 - 14-03-2023 *\/\n.elementor-widget-text-editor.elementor-drop-cap-view-stacked .elementor-drop-cap{background-color:#69727d;color:#fff}.elementor-widget-text-editor.elementor-drop-cap-view-framed .elementor-drop-cap{color:#69727d;border:3px solid;background-color:transparent}.elementor-widget-text-editor:not(.elementor-drop-cap-view-default) .elementor-drop-cap{margin-top:8px}.elementor-widget-text-editor:not(.elementor-drop-cap-view-default) .elementor-drop-cap-letter{width:1em;height:1em}.elementor-widget-text-editor .elementor-drop-cap{float:left;text-align:center;line-height:1;font-size:50px}.elementor-widget-text-editor .elementor-drop-cap-letter{display:inline-block}<\/style>\t\t\t\t<p><span style=\"font-weight: 400;\">O Congresso Brasileiro de Ensino Superior a Dist\u00e2ncia (ESUD) \u00e9 promovido anualmente pela UniRede \u2013 cons\u00f3rcio interuniversit\u00e1rio criado em dezembro de 1999, com o objetivo de contribuir com a democratiza\u00e7\u00e3o do acesso ao ensino superior p\u00fablico, gratuito e de qualidade, por meio da oferta de cursos de gradua\u00e7\u00e3o, p\u00f3s-gradua\u00e7\u00e3o, incentivo \u00e0 pesquisa, inova\u00e7\u00e3o e extens\u00e3o a dist\u00e2ncia no Brasil.\u00a0<\/span><\/p>\n<p><span style=\"font-weight: 400;\">Com mais de uma d\u00e9cada de realiza\u00e7\u00e3o, o ESUD consolidou-se como um evento renomado e relevante no contexto da Educa\u00e7\u00e3o a Dist\u00e2ncia em \u00e2mbito nacional e internacional, propondo tem\u00e1ticas inovadoras nas \u00e1reas de Educa\u00e7\u00e3o a Dist\u00e2ncia (EaD), Tecnologias Digitais e Educa\u00e7\u00e3o em geral. Desde 2015 expandiu sua abrang\u00eancia, agregando o Congresso Internacional de Ensino Superior a Dist\u00e2ncia (CIESUD).<\/span><\/p>\n<p><span style=\"font-weight: 400;\">O evento v\u00eam se constituindo como um espa\u00e7o de discuss\u00e3o acad\u00eamica, que t\u00eam contribu\u00eddo para o fortalecimento das pol\u00edticas p\u00fablicas de educa\u00e7\u00e3o a dist\u00e2ncia, para o compartilhamento de experi\u00eancias inovadoras, para o fomento do uso de tecnologias digitais na educa\u00e7\u00e3o, para a difus\u00e3o de pesquisas cient\u00edficas e para a constru\u00e7\u00e3o de estrat\u00e9gias institucionais que possam trazer maior visibilidade, inova\u00e7\u00e3o, amplia\u00e7\u00e3o do acesso, melhoria da qualidade e expans\u00e3o respons\u00e1vel da educa\u00e7\u00e3o a dist\u00e2ncia p\u00fablica no Brasil.<\/span><\/p>\n<p><span style=\"font-weight: 400;\">A primeira edi\u00e7\u00e3o do ESUD data de 2002, realizado na cidade de Petr\u00f3polis, no estado do Rio de Janeiro, sendo fruto de muitas das a\u00e7\u00f5es da UniRede, um cons\u00f3rcio interuniversit\u00e1rio criado em dezembro de 1999 com o nome de Universidade Virtual P\u00fablica do Brasil, que tem como objetivo principal democratizar o acesso \u00e0 educa\u00e7\u00e3o de qualidade por meio da oferta de cursos a dist\u00e2ncia nos n\u00edveis de gradua\u00e7\u00e3o, p\u00f3s-gradua\u00e7\u00e3o e extens\u00e3o, sob a forma de ensino regular gratuito e educa\u00e7\u00e3o continuada. Desde ent\u00e3o, a UniRede renova o sucesso da primeira edi\u00e7\u00e3o do evento e vem divulgando para o Brasil, o que tem sido feito para o avan\u00e7o da EaD no sistema p\u00fablico de ensino superior.<\/span><\/p>\n<p><span style=\"font-weight: 400;\">O I ESUD reuniu cerca de 60 especialistas para discutir e apresentar os principais projetos capazes de viabilizar a educa\u00e7\u00e3o superior a dist\u00e2ncia no Pa\u00eds. O congresso foi promovido pelo CEDERJ e pela UniRede, em parceria com a AIESAD \u2013 Asociaci\u00f3n Iberoamericana de Educaci\u00f3n Superior a Dist\u00e2ncia. Depois dessa primeira edi\u00e7\u00e3o, o Congresso se consolidou e em 2019, chega \u00e0 sua 16\u00b0edi\u00e7\u00e3o. As edi\u00e7\u00f5es anteriores, seus respectivos locais de realiza\u00e7\u00e3o e temas norteadores, est\u00e3o abaixo relacionados:<\/span><\/p>\n<ul>\n<li aria-level=\"1\"><b>ESUD 2003<\/b><\/li>\n<\/ul>\n<ul>\n<li style=\"list-style-type: none;\">\n<ul>\n<li style=\"list-style-type: none;\">\n<ul>\n<li style=\"font-weight: 400;\" aria-level=\"2\"><span style=\"font-weight: 400;\">Local: Bras\u00edlia \u2013 DF<\/span><\/li>\n<\/ul>\n<\/li>\n<\/ul>\n<\/li>\n<\/ul>\n<ul>\n<li aria-level=\"1\"><b>ESUD 2004<\/b><\/li>\n<\/ul>\n<ul>\n<li aria-level=\"2\"><span style=\"font-weight: 400;\">Local: Rio de Janeiro \u2013 RJ<\/span><\/li>\n<\/ul>\n<ul>\n<li style=\"list-style-type: none;\">\n<ul>\n<li style=\"font-weight: 400;\" aria-level=\"1\"><b>ESUD 2006<\/b>\n<ul>\n<li style=\"font-weight: 400;\" aria-level=\"2\"><span style=\"font-weight: 400;\">Local: Bras\u00edlia \u2013 DF\u00a0\u00a0<\/span><\/li>\n<li style=\"font-weight: 400;\" aria-level=\"2\"><span style=\"font-weight: 400;\">Tema: \u201cUso das M\u00eddias na Educa\u00e7\u00e3o\u201d<\/span><\/li>\n<\/ul>\n<\/li>\n<li style=\"font-weight: 400;\" aria-level=\"1\"><b>ESUD 2008<\/b>\n<ul>\n<li style=\"font-weight: 400;\" aria-level=\"2\"><span style=\"font-weight: 400;\">Local: Gramado \u2013 RS<\/span><\/li>\n<li style=\"font-weight: 400;\" aria-level=\"2\"><span style=\"font-weight: 400;\">Tema: \u201cA EaD em um Contexto Cient\u00edfico\u201d<\/span><\/li>\n<\/ul>\n<\/li>\n<li style=\"font-weight: 400;\" aria-level=\"1\"><b>ESUD 2009<\/b>\n<ul>\n<li style=\"font-weight: 400;\" aria-level=\"2\"><span style=\"font-weight: 400;\">Local: S\u00e3o Lu\u00eds \u2013 MA\u00a0\u00a0<\/span><\/li>\n<li style=\"font-weight: 400;\" aria-level=\"2\"><span style=\"font-weight: 400;\">Tema: \u201cQualidade em EaD\u201d<\/span><\/li>\n<\/ul>\n<\/li>\n<li style=\"font-weight: 400;\" aria-level=\"1\"><b>ESUD 2010<\/b>\n<ul>\n<li style=\"font-weight: 400;\" aria-level=\"2\"><span style=\"font-weight: 400;\">Local: Cuiab\u00e1 \u2013 MT\u00a0<\/span><\/li>\n<li style=\"font-weight: 400;\" aria-level=\"2\"><span style=\"font-weight: 400;\">Tema: \u201cInstitucionaliza\u00e7\u00e3o da EaD\u201d<\/span><\/li>\n<\/ul>\n<\/li>\n<li style=\"font-weight: 400;\" aria-level=\"1\"><b>ESUD 2011\u00a0<\/b>\n<ul>\n<li style=\"font-weight: 400;\" aria-level=\"2\"><span style=\"font-weight: 400;\">Local: Ouro Preto \u2013 MG\u00a0<\/span><\/li>\n<li style=\"font-weight: 400;\" aria-level=\"2\"><span style=\"font-weight: 400;\">Tema: \u201cA EaD e a transforma\u00e7\u00e3o da realidade brasileira\u201d<\/span><\/li>\n<\/ul>\n<\/li>\n<li style=\"font-weight: 400;\" aria-level=\"1\"><b>ESUD 2012\u00a0<\/b>\n<ul>\n<li style=\"font-weight: 400;\" aria-level=\"2\"><span style=\"font-weight: 400;\">Institui\u00e7\u00e3o: UFPE<\/span><\/li>\n<li style=\"font-weight: 400;\" aria-level=\"2\"><span style=\"font-weight: 400;\">Local: Recife \u2013 PE\u00a0<\/span><\/li>\n<li style=\"font-weight: 400;\" aria-level=\"2\"><span style=\"font-weight: 400;\">Tema: \u201cEduca\u00e7\u00e3o a Dist\u00e2ncia: Semeando Cidadania\u201d<\/span><\/li>\n<\/ul>\n<\/li>\n<li style=\"font-weight: 400;\" aria-level=\"1\"><b>ESUD 2013<\/b>\n<ul>\n<li style=\"font-weight: 400;\" aria-level=\"2\"><span style=\"font-weight: 400;\">Institui\u00e7\u00e3o: UFPA<\/span><\/li>\n<li style=\"font-weight: 400;\" aria-level=\"2\"><span style=\"font-weight: 400;\">Local: Bel\u00e9m \u2013 PA\u00a0<\/span><\/li>\n<li style=\"font-weight: 400;\" aria-level=\"2\"><span style=\"font-weight: 400;\">Tema: \u201cEAD rompendo fronteiras\u201d<\/span><\/li>\n<\/ul>\n<\/li>\n<li style=\"font-weight: 400;\" aria-level=\"1\"><a href=\"http:\/\/esud2014.nute.ufsc.br\/\"><b>ESUD 2014<\/b><\/a>\n<ul>\n<li style=\"font-weight: 400;\" aria-level=\"2\"><span style=\"font-weight: 400;\">Institui\u00e7\u00e3o: UFSC<\/span><\/li>\n<li style=\"font-weight: 400;\" aria-level=\"2\"><span style=\"font-weight: 400;\">Local: Florian\u00f3polis &#8211; SC\u00a0<\/span><\/li>\n<li style=\"font-weight: 400;\" aria-level=\"2\"><span style=\"font-weight: 400;\">Tema: \u201cPesquisa na EaD: reflex\u00f5es sobre a teoria e pr\u00e1tica\u201d<\/span><\/li>\n<\/ul>\n<\/li>\n<li style=\"font-weight: 400;\" aria-level=\"1\"><b>ESUD<span style=\"font-weight: 400;\">|<\/span>CIESUD 2015<\/b>\n<ul>\n<li style=\"font-weight: 400;\" aria-level=\"2\"><span style=\"font-weight: 400;\">Institui\u00e7\u00e3o: UNEB<\/span><\/li>\n<li style=\"font-weight: 400;\" aria-level=\"2\"><span style=\"font-weight: 400;\">Local: Salvador &#8211; BA\u00a0<\/span><\/li>\n<li style=\"font-weight: 400;\" aria-level=\"2\"><span style=\"font-weight: 400;\">Tema: \u201cCultura Digital e Inova\u00e7\u00e3o: Tecnologia Educacional e Dispositivos M\u00f3veis\u201d<\/span><\/li>\n<\/ul>\n<\/li>\n<li style=\"font-weight: 400;\" aria-level=\"1\"><a href=\"http:\/\/esud2016.ufsj.edu.br\/\"><b>ESUD<span style=\"font-weight: 400;\">|<\/span>CIESUD 2016\u00a0<\/b><\/a>\n<ul>\n<li style=\"font-weight: 400;\" aria-level=\"2\"><span style=\"font-weight: 400;\">Institui\u00e7\u00e3o: UFSJ<\/span><\/li>\n<li style=\"font-weight: 400;\" aria-level=\"2\"><span style=\"font-weight: 400;\">Local: S\u00e3o Jo\u00e3o Del-Rei &#8211; MG\u00a0<\/span><\/li>\n<li style=\"font-weight: 400;\" aria-level=\"2\"><span style=\"font-weight: 400;\">Tema: \u201cHumanismo, Tecnologias e Pol\u00edticas em EaD\u201d<\/span><\/li>\n<\/ul>\n<\/li>\n<li style=\"font-weight: 400;\" aria-level=\"1\"><a href=\"https:\/\/esud2017.furg.br\/evento\/apresentacao\"><b>ESUD<span style=\"font-weight: 400;\">|<\/span>CIESUD 2017<\/b><\/a>\n<ul>\n<li style=\"font-weight: 400;\" aria-level=\"2\"><span style=\"font-weight: 400;\">Institui\u00e7\u00e3o: FURG<\/span><\/li>\n<li style=\"font-weight: 400;\" aria-level=\"2\"><span style=\"font-weight: 400;\">Local: Rio Grande &#8211; RS\u00a0<\/span><\/li>\n<li style=\"font-weight: 400;\" aria-level=\"2\"><span style=\"font-weight: 400;\">Tema: \u201cCaminhos da autoria e criatividade na EaD\u201d<\/span><\/li>\n<\/ul>\n<\/li>\n<li style=\"font-weight: 400;\" aria-level=\"1\"><b>ESUD<span style=\"font-weight: 400;\">|<\/span>CIESUD 2018<\/b>\n<ul>\n<li style=\"font-weight: 400;\" aria-level=\"2\"><span style=\"font-weight: 400;\">Institui\u00e7\u00e3o: UFRN<\/span><\/li>\n<li style=\"font-weight: 400;\" aria-level=\"2\"><span style=\"font-weight: 400;\">Local: Natal \u2013 RN\u00a0<\/span><\/li>\n<li style=\"font-weight: 400;\" aria-level=\"2\"><span style=\"font-weight: 400;\">Tema: \u201cEduca\u00e7\u00e3o em rede: uma nova ecologia para a cultura digital\u201d<\/span><\/li>\n<li style=\"font-weight: 400;\" aria-level=\"2\"><span style=\"font-weight: 400;\">450 trabalhos recebidos.<\/span><\/li>\n<\/ul>\n<\/li>\n<\/ul>\n<\/li>\n<\/ul>\n<ul>\n<li aria-level=\"1\"><a href=\"https:\/\/esud2019.ufpi.br\/\"><b>ESUD<span style=\"font-weight: 400;\">|<\/span>CIESUD 2019\u00a0<\/b><\/a><\/li>\n<\/ul>\n<ul>\n<li style=\"list-style-type: none;\">\n<ul>\n<li style=\"list-style-type: none;\">\n<ul>\n<li style=\"font-weight: 400;\" aria-level=\"2\"><span style=\"font-weight: 400;\">Institui\u00e7\u00e3o: UFPI<\/span><\/li>\n<li style=\"font-weight: 400;\" aria-level=\"2\"><span style=\"font-weight: 400;\">Local: Teresina \u2013 Piau\u00ed<\/span><\/li>\n<li style=\"font-weight: 400;\" aria-level=\"2\"><span style=\"font-weight: 400;\">Tema: \u201cResponsabilidades e desafios para a consolida\u00e7\u00e3o da EaD\u201d<\/span><\/li>\n<li style=\"font-weight: 400;\" aria-level=\"2\"><span style=\"font-weight: 400;\">158 trabalhos recebidos<\/span><\/li>\n<\/ul>\n<\/li>\n<\/ul>\n<\/li>\n<\/ul>\n<ul>\n<li aria-level=\"1\"><a href=\"https:\/\/esud2020.ciar.ufg.br\/\"><b>ESUD<span style=\"font-weight: 400;\">|<\/span>CIESUD 2020<\/b><\/a><\/li>\n<\/ul>\n<ul>\n<li aria-level=\"2\"><span style=\"font-weight: 400;\">Institui\u00e7\u00e3o: UFG<\/span><\/li>\n<\/ul>\n<ul>\n<li aria-level=\"2\"><span style=\"font-weight: 400;\">Local:<\/span> <span style=\"font-weight: 400;\">Goi\u00e2nia \u2013 GO (Online)<\/span><\/li>\n<\/ul>\n<ul>\n<li style=\"list-style-type: none;\">\n<ul>\n<li style=\"list-style-type: none;\">\n<ul>\n<li style=\"font-weight: 400;\" aria-level=\"2\"><span style=\"font-weight: 400;\">Tema: \u201cDoc\u00eancia online: cen\u00e1rios e desafios da educa\u00e7\u00e3o em rede\u201d<\/span><\/li>\n<li style=\"font-weight: 400;\" aria-level=\"2\"><span style=\"font-weight: 400;\">131 trabalhos recebidos<\/span><\/li>\n<\/ul>\n<\/li>\n<\/ul>\n<\/li>\n<\/ul>\n<ul>\n<li aria-level=\"1\"><a href=\"https:\/\/esud2021.ufrn.br\/\"><b>ESUD<span style=\"font-weight: 400;\">|<\/span>CIESUD 2021<\/b><\/a><\/li>\n<\/ul>\n<ul>\n<li style=\"list-style-type: none;\">\n<ul>\n<li style=\"list-style-type: none;\">\n<ul>\n<li style=\"font-weight: 400;\" aria-level=\"2\"><span style=\"font-weight: 400;\">Institui\u00e7\u00e3o: UFRN<\/span><\/li>\n<li style=\"font-weight: 400;\" aria-level=\"2\"><span style=\"font-weight: 400;\">Local: Natal \u2013 RN<\/span><\/li>\n<li style=\"font-weight: 400;\" aria-level=\"2\"><span style=\"font-weight: 400;\">Tema: \u201cEduca\u00e7\u00e3o, Tecnologia e Resili\u00eancia Social: o que aprendemos com a pandemia\u201d<\/span><\/li>\n<li style=\"font-weight: 400;\" aria-level=\"2\"><span style=\"font-weight: 400;\">73 trabalhos recebidos<\/span><\/li>\n<\/ul>\n<\/li>\n<\/ul>\n<\/li>\n<\/ul>\n<ul>\n<li aria-level=\"1\"><a href=\"https:\/\/ciet.ufscar.br\/\"><b>ESUD<span style=\"font-weight: 400;\">|<\/span>CIESUD 2022<\/b><\/a><\/li>\n<\/ul>\n<ul>\n<li style=\"list-style-type: none;\">\n<ul>\n<li style=\"font-weight: 400;\" aria-level=\"2\"><span style=\"font-weight: 400;\">Institui\u00e7\u00e3o: UFSCar<\/span><\/li>\n<li style=\"font-weight: 400;\" aria-level=\"2\"><span style=\"font-weight: 400;\">Local: S\u00e3o Paulo \u2013 SP<\/span><\/li>\n<li style=\"font-weight: 400;\" aria-level=\"2\"><span style=\"font-weight: 400;\">Tema: \u201cEduca\u00e7\u00e3o h\u00edbrida: resili\u00eancia, equidade e sustentabilidade\u201d<\/span><\/li>\n<li style=\"font-weight: 400;\" aria-level=\"2\"><span style=\"font-weight: 400;\">474 trabalhos recebidos<\/span><\/li>\n<\/ul>\n<\/li>\n<\/ul>\t\t\t\t\t\t<\/div>\n\t\t\t\t<\/div>\n\t\t\t\t\t<\/div>\n\t\t\t\t<\/div>\n\t\t\t\t\t\t\t<\/div>\n\t\t","protected":false},"excerpt":{"rendered":"<p>Hist\u00f3rico do Evento O Congresso Brasileiro de Ensino Superior a Dist\u00e2ncia (ESUD) \u00e9 promovido anualmente pela UniRede \u2013 cons\u00f3rcio interuniversit\u00e1rio criado em dezembro de 1999, com o objetivo de contribuir com a democratiza\u00e7\u00e3o do acesso ao ensino superior p\u00fablico, gratuito e de qualidade, por meio da oferta de cursos de gradua\u00e7\u00e3o, p\u00f3s-gradua\u00e7\u00e3o, incentivo \u00e0 pesquisa, inova\u00e7\u00e3o e extens\u00e3o a dist\u00e2ncia&#8230;<\/p>\n","protected":false},"author":2,"featured_media":674,"parent":0,"menu_order":0,"comment_status":"closed","ping_status":"closed","template":"","meta":{"_eb_attr":"","footnotes":""},"class_list":["post-830","page","type-page","status-publish","has-post-thumbnail","hentry"],"_links":{"self":[{"href":"https:\/\/esud2023.ufms.br\/index.php?rest_route=\/wp\/v2\/pages\/830","targetHints":{"allow":["GET"]}}],"collection":[{"href":"https:\/\/esud2023.ufms.br\/index.php?rest_route=\/wp\/v2\/pages"}],"about":[{"href":"https:\/\/esud2023.ufms.br\/index.php?rest_route=\/wp\/v2\/types\/page"}],"author":[{"embeddable":true,"href":"https:\/\/esud2023.ufms.br\/index.php?rest_route=\/wp\/v2\/users\/2"}],"replies":[{"embeddable":true,"href":"https:\/\/esud2023.ufms.br\/index.php?rest_route=%2Fwp%2Fv2%2Fcomments&post=830"}],"version-history":[{"count":3,"href":"https:\/\/esud2023.ufms.br\/index.php?rest_route=\/wp\/v2\/pages\/830\/revisions"}],"predecessor-version":[{"id":833,"href":"https:\/\/esud2023.ufms.br\/index.php?rest_route=\/wp\/v2\/pages\/830\/revisions\/833"}],"wp:featuredmedia":[{"embeddable":true,"href":"https:\/\/esud2023.ufms.br\/index.php?rest_route=\/wp\/v2\/media\/674"}],"wp:attachment":[{"href":"https:\/\/esud2023.ufms.br\/index.php?rest_route=%2Fwp%2Fv2%2Fmedia&parent=830"}],"curies":[{"name":"wp","href":"https:\/\/api.w.org\/{rel}","templated":true}]}}