{"id":849,"date":"2023-07-04T13:57:44","date_gmt":"2023-07-04T17:57:44","guid":{"rendered":"https:\/\/esud2023.ufms.br\/?page_id=849"},"modified":"2023-07-13T15:23:22","modified_gmt":"2023-07-13T19:23:22","slug":"campo-grande-ms","status":"publish","type":"page","link":"https:\/\/esud2023.ufms.br\/?page_id=849","title":{"rendered":"Participe do ESUDCIESUD 2023 e conhe\u00e7a Campo Grande &#8211; MS"},"content":{"rendered":"\t\t<div data-elementor-type=\"wp-page\" data-elementor-id=\"849\" class=\"elementor elementor-849\">\n\t\t\t\t\t\t\t<div class=\"elementor-element elementor-element-dc98b7a e-con-boxed e-flex e-con\" data-id=\"dc98b7a\" data-element_type=\"container\" data-settings=\"{&quot;content_width&quot;:&quot;boxed&quot;}\">\n\t\t\t\t\t<div class=\"e-con-inner\">\n\t\t\t\t<div class=\"elementor-element elementor-element-d6d1985 elementor-widget elementor-widget-text-editor\" data-id=\"d6d1985\" data-element_type=\"widget\" data-widget_type=\"text-editor.default\">\n\t\t\t\t<div class=\"elementor-widget-container\">\n\t\t\t<style>\/*! elementor - v3.11.5 - 14-03-2023 *\/\n.elementor-widget-text-editor.elementor-drop-cap-view-stacked .elementor-drop-cap{background-color:#69727d;color:#fff}.elementor-widget-text-editor.elementor-drop-cap-view-framed .elementor-drop-cap{color:#69727d;border:3px solid;background-color:transparent}.elementor-widget-text-editor:not(.elementor-drop-cap-view-default) .elementor-drop-cap{margin-top:8px}.elementor-widget-text-editor:not(.elementor-drop-cap-view-default) .elementor-drop-cap-letter{width:1em;height:1em}.elementor-widget-text-editor .elementor-drop-cap{float:left;text-align:center;line-height:1;font-size:50px}.elementor-widget-text-editor .elementor-drop-cap-letter{display:inline-block}<\/style>\t\t\t\t<p><span style=\"font-weight: 400;\">Venha descobrir a encantadora cidade de Campo Grande, localizada no cora\u00e7\u00e3o do estado de Mato Grosso do Sul, no Brasil. Rodeada por uma natureza exuberante e marcada por uma rica hist\u00f3ria cultural, Campo Grande \u00e9 um destino imperd\u00edvel. Com uma popula\u00e7\u00e3o de quase novecentas mil pessoas e um territ\u00f3rio de 8.082,978 km\u00b2, Campo Grande, capital de Mato Grosso do Sul, fica na regi\u00e3o centro norte do estado.<\/span><\/p><p><span style=\"font-weight: 400;\">Na trajet\u00f3ria de sua forma\u00e7\u00e3o destacam-se alguns mineiros, como Jos\u00e9 Ant\u00f4nio Pereira, que se encantou com as terras f\u00e9rteis, pastagens e um clima ameno, e outros grupos como os ind\u00edgenas, portugueses, africanos, paraguaios, libaneses e japoneses. Toda essa multiplicidade de povos configura a identidade campo-grandense. O anivers\u00e1rio da cidade \u00e9 comemorado em 26 de agosto e \u00e9 conhecida como \u201cCidade Morena\u201d, apelido dado pelo arcebispo Francisco de Aquino, em alus\u00e3o \u00e0 cor avermelhada de sua terra.<\/span><\/p><p><span style=\"font-weight: 400;\">Com clima tropical e paisagens deslumbrantes, a cidade oferece uma variedade de atrativos naturais. Os amantes da natureza podem explorar o Parque das Na\u00e7\u00f5es Ind\u00edgenas, um amplo espa\u00e7o verde com lagos, trilhas e jardins, perfeito para caminhadas relaxantes.<\/span><\/p><p><span style=\"font-weight: 400;\">Campo Grande tamb\u00e9m \u00e9 reconhecida por sua riqueza cultural e tradi\u00e7\u00f5es. O Memorial da Cultura Ind\u00edgena e o Museu das Culturas Dom Bosco s\u00e3o paradas obrigat\u00f3rias para aprender um pouco sobre a hist\u00f3ria e os costumes das comunidades ind\u00edgenas presentes na regi\u00e3o.<\/span><\/p><p><span style=\"font-weight: 400;\">Inaugurado em 2022, o Bioparque Pantanal \u00e9 o maior aqu\u00e1rio de \u00e1gua doce do mundo, com 5 milh\u00f5es de litros de \u00e1gua e 359 esp\u00e9cies de animais. Um espa\u00e7o de educa\u00e7\u00e3o, pesquisa, lazer e cultura, cuja estrutura arquitet\u00f4nica de 21 mil metros quadrados de \u00e1rea constru\u00edda tem assinatura do arquiteto e designer brasileiro Ruy Ohtake (in memorian).<\/span><\/p><p><span style=\"font-weight: 400;\">Al\u00e9m disso, a gastronomia de Campo Grande \u00e9 uma atra\u00e7\u00e3o \u00e0 parte. A cidade \u00e9 famosa pelo sob\u00e1, um prato t\u00edpico influenciado pela cultura japonesa. Os visitantes podem explorar os diversos restaurantes e feiras gastron\u00f4micas locais para degustar.\u00a0<\/span><\/p><p><span style=\"font-weight: 400;\">Venha conhecer a cidade de Campo Grande-MS e se encantar com todas as suas belezas naturais, sua cultura vibrante e sua culin\u00e1ria deliciosa.\u00a0<\/span><\/p><p><span style=\"font-weight: 400;\">Para conhecer as op\u00e7\u00f5es de turismo em Campo Grande e outros munic\u00edpios de MS, acesse nosso <\/span><a style=\"text-decoration-line: none; text-decoration-color: initial;\" href=\"https:\/\/esud2023.ufms.br\/?page_id=853\"><span style=\"font-weight: 400;\">Mapa de Turismo.<\/span><\/a><\/p>\t\t\t\t\t\t<\/div>\n\t\t\t\t<\/div>\n\t\t\t\t\t<\/div>\n\t\t\t\t<\/div>\n\t\t\t\t\t\t\t<\/div>\n\t\t","protected":false},"excerpt":{"rendered":"<p>Venha descobrir a encantadora cidade de Campo Grande, localizada no cora\u00e7\u00e3o do estado de Mato Grosso do Sul, no Brasil. Rodeada por uma natureza exuberante e marcada por uma rica hist\u00f3ria cultural, Campo Grande \u00e9 um destino imperd\u00edvel. Com uma popula\u00e7\u00e3o de quase novecentas mil pessoas e um territ\u00f3rio de 8.082,978 km\u00b2, Campo Grande, capital de Mato Grosso do Sul,&#8230;<\/p>\n","protected":false},"author":2,"featured_media":0,"parent":0,"menu_order":0,"comment_status":"closed","ping_status":"closed","template":"","meta":{"_eb_attr":"","footnotes":""},"class_list":["post-849","page","type-page","status-publish","hentry"],"_links":{"self":[{"href":"https:\/\/esud2023.ufms.br\/index.php?rest_route=\/wp\/v2\/pages\/849","targetHints":{"allow":["GET"]}}],"collection":[{"href":"https:\/\/esud2023.ufms.br\/index.php?rest_route=\/wp\/v2\/pages"}],"about":[{"href":"https:\/\/esud2023.ufms.br\/index.php?rest_route=\/wp\/v2\/types\/page"}],"author":[{"embeddable":true,"href":"https:\/\/esud2023.ufms.br\/index.php?rest_route=\/wp\/v2\/users\/2"}],"replies":[{"embeddable":true,"href":"https:\/\/esud2023.ufms.br\/index.php?rest_route=%2Fwp%2Fv2%2Fcomments&post=849"}],"version-history":[{"count":5,"href":"https:\/\/esud2023.ufms.br\/index.php?rest_route=\/wp\/v2\/pages\/849\/revisions"}],"predecessor-version":[{"id":894,"href":"https:\/\/esud2023.ufms.br\/index.php?rest_route=\/wp\/v2\/pages\/849\/revisions\/894"}],"wp:attachment":[{"href":"https:\/\/esud2023.ufms.br\/index.php?rest_route=%2Fwp%2Fv2%2Fmedia&parent=849"}],"curies":[{"name":"wp","href":"https:\/\/api.w.org\/{rel}","templated":true}]}}